{"id":10138,"date":"2022-11-07T13:39:04","date_gmt":"2022-11-07T18:39:04","guid":{"rendered":"https:\/\/yougotithomes.com\/?page_id=10138"},"modified":"2025-06-26T18:15:58","modified_gmt":"2025-06-26T22:15:58","slug":"contactar-al-administrador-de-la-comunidad","status":"publish","type":"page","link":"https:\/\/yougotithomes.com\/es\/contact-community-manager\/","title":{"rendered":"Contactar al administrador de la comunidad"},"content":{"rendered":"<img decoding=\"async\" src=\"https:\/\/yougotithomes.com\/wp-content\/uploads\/decimossicasas-logo-1800px.png\" alt=\"decisimossicases-logo-ygi-1800px\" itemprop=\"image\" height=\"135\" width=\"1800\" title=\"decisimossicases-logo-ygi-1800px\" onerror=\"this.style.display='none'\" loading='lazy' \/>\n<h2>\n\t\t\tEl lugar m\u00e1s asequible para vivir\t<\/h2>\n<h2>\n\t\t\tEnviar mensaje al administrador de la comunidad\t<\/h2>\n\t<h2>AVISO IMPORTANTE<\/h2>\n<h3>Esta p\u00e1gina ha sido movida a <a href=\"https:\/\/flagshipcommunities.com\">ComunidadesFlagship.com<\/a> en la pesta\u00f1a Residentes del men\u00fa.<\/h3>","protected":false},"excerpt":{"rendered":"<p>El lugar m\u00e1s asequible para vivir Enviar mensaje al administrador de la comunidad AVISO IMPORTANTE Esta p\u00e1gina se ha movido a FlagshipCommunities.com en la pesta\u00f1a Residentes en el men\u00fa.<\/p>","protected":false},"author":1,"featured_media":0,"parent":0,"menu_order":0,"comment_status":"closed","ping_status":"closed","template":"","meta":{"_seopress_robots_primary_cat":"","_seopress_titles_title":"","_seopress_titles_desc":"","_seopress_robots_index":"","footnotes":""},"class_list":["post-10138","page","type-page","status-publish","hentry"],"jetpack_sharing_enabled":true,"_links":{"self":[{"href":"https:\/\/yougotithomes.com\/es\/wp-json\/wp\/v2\/pages\/10138","targetHints":{"allow":["GET"]}}],"collection":[{"href":"https:\/\/yougotithomes.com\/es\/wp-json\/wp\/v2\/pages"}],"about":[{"href":"https:\/\/yougotithomes.com\/es\/wp-json\/wp\/v2\/types\/page"}],"author":[{"embeddable":true,"href":"https:\/\/yougotithomes.com\/es\/wp-json\/wp\/v2\/users\/1"}],"replies":[{"embeddable":true,"href":"https:\/\/yougotithomes.com\/es\/wp-json\/wp\/v2\/comments?post=10138"}],"version-history":[{"count":8,"href":"https:\/\/yougotithomes.com\/es\/wp-json\/wp\/v2\/pages\/10138\/revisions"}],"predecessor-version":[{"id":13710,"href":"https:\/\/yougotithomes.com\/es\/wp-json\/wp\/v2\/pages\/10138\/revisions\/13710"}],"wp:attachment":[{"href":"https:\/\/yougotithomes.com\/es\/wp-json\/wp\/v2\/media?parent=10138"}],"curies":[{"name":"gracias","href":"https:\/\/api.w.org\/{rel}","templated":true}]}}