{"id":13648,"date":"2025-06-25T12:48:17","date_gmt":"2025-06-25T16:48:17","guid":{"rendered":"https:\/\/yougotithomes.com\/?page_id=13648"},"modified":"2025-06-26T18:17:29","modified_gmt":"2025-06-26T22:17:29","slug":"realizar-un-pago","status":"publish","type":"page","link":"https:\/\/yougotithomes.com\/es\/make-a-payment\/","title":{"rendered":"Realizar un pago"},"content":{"rendered":"<img decoding=\"async\" src=\"https:\/\/yougotithomes.com\/wp-content\/uploads\/decimossicasas-logo-1800px.png\" alt=\"decisimossicases-logo-ygi-1800px\" itemprop=\"image\" height=\"135\" width=\"1800\" title=\"decisimossicases-logo-ygi-1800px\" onerror=\"this.style.display='none'\" loading='lazy' \/>\n<h2>\n\t\t\tEl lugar m\u00e1s asequible para vivir\t<\/h2>\n<h2>\n\t\t\tRealizar un pago\t<\/h2>\n\t<h2>AVISO IMPORTANTE<\/h2>\n<h3>Esta p\u00e1gina ha sido movida a <a href=\"https:\/\/flagshipcommunities.com\">ComunidadesFlagship.com<\/a> en la pesta\u00f1a Residentes del men\u00fa.<\/h3>","protected":false},"excerpt":{"rendered":"<p>El lugar m\u00e1s asequible para vivir Hacer un pago AVISO IMPORTANTE Esta p\u00e1gina se ha movido a FlagshipCommunities.com en la pesta\u00f1a Residentes en el men\u00fa.<\/p>","protected":false},"author":1,"featured_media":0,"parent":0,"menu_order":0,"comment_status":"closed","ping_status":"closed","template":"","meta":{"_seopress_robots_primary_cat":"","_seopress_titles_title":"","_seopress_titles_desc":"","_seopress_robots_index":"","footnotes":""},"class_list":["post-13648","page","type-page","status-publish","hentry"],"jetpack_sharing_enabled":true,"_links":{"self":[{"href":"https:\/\/yougotithomes.com\/es\/wp-json\/wp\/v2\/pages\/13648","targetHints":{"allow":["GET"]}}],"collection":[{"href":"https:\/\/yougotithomes.com\/es\/wp-json\/wp\/v2\/pages"}],"about":[{"href":"https:\/\/yougotithomes.com\/es\/wp-json\/wp\/v2\/types\/page"}],"author":[{"embeddable":true,"href":"https:\/\/yougotithomes.com\/es\/wp-json\/wp\/v2\/users\/1"}],"replies":[{"embeddable":true,"href":"https:\/\/yougotithomes.com\/es\/wp-json\/wp\/v2\/comments?post=13648"}],"version-history":[{"count":21,"href":"https:\/\/yougotithomes.com\/es\/wp-json\/wp\/v2\/pages\/13648\/revisions"}],"predecessor-version":[{"id":13711,"href":"https:\/\/yougotithomes.com\/es\/wp-json\/wp\/v2\/pages\/13648\/revisions\/13711"}],"wp:attachment":[{"href":"https:\/\/yougotithomes.com\/es\/wp-json\/wp\/v2\/media?parent=13648"}],"curies":[{"name":"gracias","href":"https:\/\/api.w.org\/{rel}","templated":true}]}}