{"id":3089,"date":"2017-11-15T14:41:07","date_gmt":"2017-11-15T19:41:07","guid":{"rendered":"https:\/\/yougotithomes.com\/?page_id=3089"},"modified":"2024-12-09T11:15:48","modified_gmt":"2024-12-09T16:15:48","slug":"seguro","status":"publish","type":"page","link":"https:\/\/yougotithomes.com\/es\/insurance\/","title":{"rendered":"Seguro"},"content":{"rendered":"<img loading=\"lazy\" decoding=\"async\" src=\"https:\/\/yougotithomes.com\/wp-content\/uploads\/decimossicasas-logo-1800px.png\" alt=\"decisimossicases-logo-ygi-1800px\" itemprop=\"image\" height=\"135\" width=\"1800\" title=\"decisimossicases-logo-ygi-1800px\" onerror=\"this.style.display='none'\"  \/>\n\t<h2>Cobertura de seguro asequible<\/h2>\n<p><img decoding=\"async\" src=\"https:\/\/yougotithomes.com\/wp-content\/uploads\/insurance-coverage-815303210.jpg\" alt=\"\" width=\"60%\" \/><\/p>\n<p>Todos los residentes de nuestras comunidades deben tener un nivel m\u00ednimo de seguro de responsabilidad y de propiedad. Ofrecemos p\u00f3lizas con opciones de pago asequibles que se adaptan a su presupuesto.<\/p>\n<a href=\"https:\/\/yougotithomes.com\/es\/seguro\/formulario-de-seguro-de-propietarios-de-viviendas\/\" target=\"_blank\" rel=\"noopener\"><img decoding=\"async\" src=\"https:\/\/yougotithomes.com\/wp-content\/uploads\/homeowners-insurance.jpg\" alt=\"\" width=\"90%\" \/><\/a><br \/>\n<a href=\"\/es\/seguro\/formulario-de-seguro-de-propietarios-de-viviendas\/\" target=\"_blank\" rel=\"noopener\"><button>Obtenga una cotizaci\u00f3n gratuita de seguro para PROPIETARIOS<\/button><\/a>\n<p>Obtenga una cuota gratis <a href=\"https:\/\/yougotithomes.com\/es\/seguro\/formulario-de-seguro-de-propietarios-de-viviendas\/\" target=\"_blank\" rel=\"noopener\">en l\u00ednea<\/a> o descargar el <a href=\"https:\/\/yougotithomes.com\/wp-content\/uploads\/homeowners-insurance-quote-request.pdf\" target=\"_blank\" rel=\"noopener\">formulario de solicitud de cotizaci\u00f3n,<\/a>\u00a0luego d\u00e1selo a tu community manager.<\/p>\n<a href=\"https:\/\/yougotithomes.com\/es\/seguro\/formulario-de-seguro-para-inquilinos\/\" target=\"_blank\" rel=\"noopener\"><img decoding=\"async\" src=\"https:\/\/yougotithomes.com\/wp-content\/uploads\/renters-insurance.jpg\" alt=\"\" width=\"90%\" \/><\/a><br \/>\n<a href=\"\/es\/seguro\/formulario-de-seguro-para-inquilinos\/\" target=\"_blank\" rel=\"noopener\"><button>Obtenga una cotizaci\u00f3n gratuita de seguro para INQUILINOS<\/button><\/a>\n<p>Obtenga una cuota gratis <a href=\"https:\/\/yougotithomes.com\/es\/seguro\/formulario-de-seguro-para-inquilinos\/\" target=\"_blank\" rel=\"noopener\">en l\u00ednea<\/a> o descargar el <a href=\"https:\/\/yougotithomes.com\/wp-content\/uploads\/renters-insurance-quote-request.pdf\" target=\"_blank\" rel=\"noopener\">formulario de solicitud de cotizaci\u00f3n,<\/a>\u00a0luego d\u00e1selo a tu community manager.<\/p>","protected":false},"excerpt":{"rendered":"<p>Cobertura de seguro asequible. Todos los residentes de nuestras comunidades deben tener un seguro m\u00ednimo de responsabilidad civil y de propiedad. Ofrecemos p\u00f3lizas con opciones de pago asequibles que se ajustan a su presupuesto. Solicite una cotizaci\u00f3n gratuita de seguro de PROPIEDAD. Solicite una cotizaci\u00f3n gratuita en l\u00ednea o descargue el formulario de solicitud de cotizaci\u00f3n y entr\u00e9gueselo a su administrador de comunidad. Obtenga\u2026<\/p>","protected":false},"author":1,"featured_media":0,"parent":0,"menu_order":0,"comment_status":"closed","ping_status":"closed","template":"","meta":{"_seopress_robots_primary_cat":"","_seopress_titles_title":"","_seopress_titles_desc":"","_seopress_robots_index":"","footnotes":""},"class_list":["post-3089","page","type-page","status-publish","hentry"],"jetpack_sharing_enabled":true,"_links":{"self":[{"href":"https:\/\/yougotithomes.com\/es\/wp-json\/wp\/v2\/pages\/3089","targetHints":{"allow":["GET"]}}],"collection":[{"href":"https:\/\/yougotithomes.com\/es\/wp-json\/wp\/v2\/pages"}],"about":[{"href":"https:\/\/yougotithomes.com\/es\/wp-json\/wp\/v2\/types\/page"}],"author":[{"embeddable":true,"href":"https:\/\/yougotithomes.com\/es\/wp-json\/wp\/v2\/users\/1"}],"replies":[{"embeddable":true,"href":"https:\/\/yougotithomes.com\/es\/wp-json\/wp\/v2\/comments?post=3089"}],"version-history":[{"count":0,"href":"https:\/\/yougotithomes.com\/es\/wp-json\/wp\/v2\/pages\/3089\/revisions"}],"wp:attachment":[{"href":"https:\/\/yougotithomes.com\/es\/wp-json\/wp\/v2\/media?parent=3089"}],"curies":[{"name":"gracias","href":"https:\/\/api.w.org\/{rel}","templated":true}]}}