{"id":6,"date":"2011-12-08T03:02:59","date_gmt":"2011-12-08T03:02:59","guid":{"rendered":"https:\/\/toolkit.novemberstrategies.com\/whoops-error\/"},"modified":"2011-12-08T03:02:59","modified_gmt":"2011-12-08T03:02:59","slug":"vaya-error","status":"publish","type":"page","link":"https:\/\/yougotithomes.com\/es\/welcome\/whoops-error\/","title":{"rendered":"\u00a1Vaya! \u00a1error 404!"},"content":{"rendered":"<p>Parece como si hubiera ingresado una URL no v\u00e1lida. Corrija la URL que ingres\u00f3 o intente utilizar la funci\u00f3n de b\u00fasqueda en nuestro sitio web.<\/p>","protected":false},"excerpt":{"rendered":"<p>Parece como si hubiera ingresado una URL no v\u00e1lida. Corrija la URL que ingres\u00f3 o intente utilizar la funci\u00f3n de b\u00fasqueda en nuestro sitio web.<\/p>","protected":false},"author":1,"featured_media":0,"parent":148,"menu_order":0,"comment_status":"closed","ping_status":"closed","template":"","meta":{"_seopress_robots_primary_cat":"","_seopress_titles_title":"","_seopress_titles_desc":"","_seopress_robots_index":"","footnotes":""},"class_list":["post-6","page","type-page","status-publish","hentry"],"jetpack_sharing_enabled":true,"_links":{"self":[{"href":"https:\/\/yougotithomes.com\/es\/wp-json\/wp\/v2\/pages\/6","targetHints":{"allow":["GET"]}}],"collection":[{"href":"https:\/\/yougotithomes.com\/es\/wp-json\/wp\/v2\/pages"}],"about":[{"href":"https:\/\/yougotithomes.com\/es\/wp-json\/wp\/v2\/types\/page"}],"author":[{"embeddable":true,"href":"https:\/\/yougotithomes.com\/es\/wp-json\/wp\/v2\/users\/1"}],"replies":[{"embeddable":true,"href":"https:\/\/yougotithomes.com\/es\/wp-json\/wp\/v2\/comments?post=6"}],"version-history":[{"count":0,"href":"https:\/\/yougotithomes.com\/es\/wp-json\/wp\/v2\/pages\/6\/revisions"}],"up":[{"embeddable":true,"href":"https:\/\/yougotithomes.com\/es\/wp-json\/wp\/v2\/pages\/148"}],"wp:attachment":[{"href":"https:\/\/yougotithomes.com\/es\/wp-json\/wp\/v2\/media?parent=6"}],"curies":[{"name":"gracias","href":"https:\/\/api.w.org\/{rel}","templated":true}]}}